{"id":49,"date":"2025-10-21T12:43:09","date_gmt":"2025-10-21T12:43:09","guid":{"rendered":"https:\/\/angelachica.estaciondiseno.es\/?page_id=49"},"modified":"2026-01-22T10:49:15","modified_gmt":"2026-01-22T10:49:15","slug":"coleccion-ladies-with-an-attitude","status":"publish","type":"page","link":"https:\/\/angelachica.estaciondiseno.es\/?page_id=49","title":{"rendered":"Colecci\u00f3n \u00abLadies with an attitude\u00bb"},"content":{"rendered":"\t\t<div data-elementor-type=\"wp-page\" data-elementor-id=\"49\" class=\"elementor elementor-49\" data-elementor-post-type=\"page\">\n\t\t\t\t\t\t<section class=\"elementor-section elementor-top-section elementor-element elementor-element-dbb113a elementor-section-boxed elementor-section-height-default elementor-section-height-default\" data-id=\"dbb113a\" data-element_type=\"section\">\n\t\t\t\t\t\t<div class=\"elementor-container elementor-column-gap-default\">\n\t\t\t\t\t<div class=\"elementor-column elementor-col-100 elementor-top-column elementor-element elementor-element-63c26c8\" data-id=\"63c26c8\" data-element_type=\"column\">\n\t\t\t<div class=\"elementor-widget-wrap elementor-element-populated\">\n\t\t\t\t\t\t<div class=\"elementor-element elementor-element-c7b31b1 elementor-widget elementor-widget-heading\" data-id=\"c7b31b1\" data-element_type=\"widget\" data-widget_type=\"heading.default\">\n\t\t\t\t<div class=\"elementor-widget-container\">\n\t\t\t\t\t<h2 class=\"elementor-heading-title elementor-size-default\">\"LADIES WITH AN ATTITUDE\"<\/h2>\t\t\t\t<\/div>\n\t\t\t\t<\/div>\n\t\t\t\t\t<\/div>\n\t\t<\/div>\n\t\t\t\t\t<\/div>\n\t\t<\/section>\n\t\t\t\t<section class=\"elementor-section elementor-top-section elementor-element elementor-element-4d8b1f8 elementor-section-boxed elementor-section-height-default elementor-section-height-default\" data-id=\"4d8b1f8\" data-element_type=\"section\">\n\t\t\t\t\t\t<div class=\"elementor-container elementor-column-gap-default\">\n\t\t\t\t\t<div class=\"elementor-column elementor-col-100 elementor-top-column elementor-element elementor-element-71b5ece\" data-id=\"71b5ece\" data-element_type=\"column\">\n\t\t\t<div class=\"elementor-widget-wrap elementor-element-populated\">\n\t\t\t\t\t\t<div class=\"elementor-element elementor-element-f022d27 elementor-widget elementor-widget-text-editor\" data-id=\"f022d27\" data-element_type=\"widget\" data-widget_type=\"text-editor.default\">\n\t\t\t\t<div class=\"elementor-widget-container\">\n\t\t\t\t\t\t\t\t\t<p>Ladies with an attitude se realiza en el a\u00f1o 2024 con inspiraci\u00f3n en la cantante Madonna.<\/p><p>Estos outfits toman de referencia la parte elegante de la cantante y cogen como inspiraci\u00f3n los videoclips que se han realizado en plazas de toros de Espa\u00f1a, vi\u00e9ndose reflejado en detalles como hombreras de encaje, flecos y el color negro.<\/p>\t\t\t\t\t\t\t\t<\/div>\n\t\t\t\t<\/div>\n\t\t\t\t\t<\/div>\n\t\t<\/div>\n\t\t\t\t\t<\/div>\n\t\t<\/section>\n\t\t\t\t<section class=\"elementor-section elementor-top-section elementor-element elementor-element-72091ee elementor-section-boxed elementor-section-height-default elementor-section-height-default\" data-id=\"72091ee\" data-element_type=\"section\">\n\t\t\t\t\t\t<div class=\"elementor-container elementor-column-gap-default\">\n\t\t\t\t\t<div class=\"elementor-column elementor-col-33 elementor-top-column elementor-element elementor-element-d04731a elementor-invisible\" data-id=\"d04731a\" data-element_type=\"column\" data-settings=\"{&quot;motion_fx_motion_fx_mouse&quot;:&quot;yes&quot;,&quot;animation&quot;:&quot;slideInUp&quot;}\">\n\t\t\t<div class=\"elementor-widget-wrap elementor-element-populated\">\n\t\t\t\t\t\t<div class=\"elementor-element elementor-element-ca4fe84 elementor-widget-mobile__width-initial elementor-widget elementor-widget-image\" data-id=\"ca4fe84\" data-element_type=\"widget\" data-widget_type=\"image.default\">\n\t\t\t\t<div class=\"elementor-widget-container\">\n\t\t\t\t\t\t\t\t\t\t\t\t\t\t\t<img fetchpriority=\"high\" decoding=\"async\" width=\"768\" height=\"1024\" src=\"https:\/\/angelachica.estaciondiseno.es\/wp-content\/uploads\/2025\/10\/IMG_5375-2-768x1024.jpeg\" class=\"attachment-large size-large wp-image-34\" alt=\"\" srcset=\"https:\/\/angelachica.estaciondiseno.es\/wp-content\/uploads\/2025\/10\/IMG_5375-2-768x1024.jpeg 768w, https:\/\/angelachica.estaciondiseno.es\/wp-content\/uploads\/2025\/10\/IMG_5375-2-225x300.jpeg 225w, https:\/\/angelachica.estaciondiseno.es\/wp-content\/uploads\/2025\/10\/IMG_5375-2-1152x1536.jpeg 1152w, https:\/\/angelachica.estaciondiseno.es\/wp-content\/uploads\/2025\/10\/IMG_5375-2-1536x2048.jpeg 1536w, https:\/\/angelachica.estaciondiseno.es\/wp-content\/uploads\/2025\/10\/IMG_5375-2-scaled.jpeg 1920w\" sizes=\"100vw\" \/>\t\t\t\t\t\t\t\t\t\t\t\t\t\t\t<\/div>\n\t\t\t\t<\/div>\n\t\t\t\t<div class=\"elementor-element elementor-element-8119e57 elementor-widget-mobile__width-initial elementor-widget elementor-widget-image\" data-id=\"8119e57\" data-element_type=\"widget\" data-widget_type=\"image.default\">\n\t\t\t\t<div class=\"elementor-widget-container\">\n\t\t\t\t\t\t\t\t\t\t\t\t\t\t\t<img decoding=\"async\" width=\"768\" height=\"1024\" src=\"https:\/\/angelachica.estaciondiseno.es\/wp-content\/uploads\/2025\/10\/2E9EC9E0-CB11-4EB3-9391-6107C238D495-768x1024.jpg\" class=\"attachment-large size-large wp-image-55\" alt=\"\" srcset=\"https:\/\/angelachica.estaciondiseno.es\/wp-content\/uploads\/2025\/10\/2E9EC9E0-CB11-4EB3-9391-6107C238D495-768x1024.jpg 768w, https:\/\/angelachica.estaciondiseno.es\/wp-content\/uploads\/2025\/10\/2E9EC9E0-CB11-4EB3-9391-6107C238D495-225x300.jpg 225w, https:\/\/angelachica.estaciondiseno.es\/wp-content\/uploads\/2025\/10\/2E9EC9E0-CB11-4EB3-9391-6107C238D495-1152x1536.jpg 1152w, https:\/\/angelachica.estaciondiseno.es\/wp-content\/uploads\/2025\/10\/2E9EC9E0-CB11-4EB3-9391-6107C238D495-1536x2048.jpg 1536w, https:\/\/angelachica.estaciondiseno.es\/wp-content\/uploads\/2025\/10\/2E9EC9E0-CB11-4EB3-9391-6107C238D495-scaled.jpg 1920w\" sizes=\"100vw\" \/>\t\t\t\t\t\t\t\t\t\t\t\t\t\t\t<\/div>\n\t\t\t\t<\/div>\n\t\t\t\t\t<\/div>\n\t\t<\/div>\n\t\t\t\t<div class=\"elementor-column elementor-col-33 elementor-top-column elementor-element elementor-element-87d7d92 elementor-invisible\" data-id=\"87d7d92\" data-element_type=\"column\" data-settings=\"{&quot;motion_fx_motion_fx_mouse&quot;:&quot;yes&quot;,&quot;animation&quot;:&quot;slideInDown&quot;}\">\n\t\t\t<div class=\"elementor-widget-wrap elementor-element-populated\">\n\t\t\t\t\t\t<div class=\"elementor-element elementor-element-306b127 elementor-widget-mobile__width-initial elementor-widget elementor-widget-image\" data-id=\"306b127\" data-element_type=\"widget\" data-widget_type=\"image.default\">\n\t\t\t\t<div class=\"elementor-widget-container\">\n\t\t\t\t\t\t\t\t\t\t\t\t\t\t\t<img decoding=\"async\" width=\"768\" height=\"1024\" src=\"https:\/\/angelachica.estaciondiseno.es\/wp-content\/uploads\/2025\/10\/13EBE552-7B87-4709-A7DD-12B751BE935E-768x1024.jpeg\" class=\"attachment-large size-large wp-image-51\" alt=\"\" srcset=\"https:\/\/angelachica.estaciondiseno.es\/wp-content\/uploads\/2025\/10\/13EBE552-7B87-4709-A7DD-12B751BE935E-768x1024.jpeg 768w, https:\/\/angelachica.estaciondiseno.es\/wp-content\/uploads\/2025\/10\/13EBE552-7B87-4709-A7DD-12B751BE935E-225x300.jpeg 225w, https:\/\/angelachica.estaciondiseno.es\/wp-content\/uploads\/2025\/10\/13EBE552-7B87-4709-A7DD-12B751BE935E-1152x1536.jpeg 1152w, https:\/\/angelachica.estaciondiseno.es\/wp-content\/uploads\/2025\/10\/13EBE552-7B87-4709-A7DD-12B751BE935E-1536x2048.jpeg 1536w, https:\/\/angelachica.estaciondiseno.es\/wp-content\/uploads\/2025\/10\/13EBE552-7B87-4709-A7DD-12B751BE935E-scaled.jpeg 1920w\" sizes=\"100vw\" \/>\t\t\t\t\t\t\t\t\t\t\t\t\t\t\t<\/div>\n\t\t\t\t<\/div>\n\t\t\t\t<div class=\"elementor-element elementor-element-0d45a3c elementor-widget-mobile__width-initial elementor-widget elementor-widget-image\" data-id=\"0d45a3c\" data-element_type=\"widget\" data-widget_type=\"image.default\">\n\t\t\t\t<div class=\"elementor-widget-container\">\n\t\t\t\t\t\t\t\t\t\t\t\t\t\t\t<img loading=\"lazy\" decoding=\"async\" width=\"768\" height=\"1024\" src=\"https:\/\/angelachica.estaciondiseno.es\/wp-content\/uploads\/2025\/10\/1E330C96-9E95-4CBD-A6F3-38CCAEF4E14C-1-768x1024.jpg\" class=\"attachment-large size-large wp-image-52\" alt=\"\" srcset=\"https:\/\/angelachica.estaciondiseno.es\/wp-content\/uploads\/2025\/10\/1E330C96-9E95-4CBD-A6F3-38CCAEF4E14C-1-768x1024.jpg 768w, https:\/\/angelachica.estaciondiseno.es\/wp-content\/uploads\/2025\/10\/1E330C96-9E95-4CBD-A6F3-38CCAEF4E14C-1-225x300.jpg 225w, https:\/\/angelachica.estaciondiseno.es\/wp-content\/uploads\/2025\/10\/1E330C96-9E95-4CBD-A6F3-38CCAEF4E14C-1-1152x1536.jpg 1152w, https:\/\/angelachica.estaciondiseno.es\/wp-content\/uploads\/2025\/10\/1E330C96-9E95-4CBD-A6F3-38CCAEF4E14C-1-1536x2048.jpg 1536w, https:\/\/angelachica.estaciondiseno.es\/wp-content\/uploads\/2025\/10\/1E330C96-9E95-4CBD-A6F3-38CCAEF4E14C-1-scaled.jpg 1920w\" sizes=\"100vw\" \/>\t\t\t\t\t\t\t\t\t\t\t\t\t\t\t<\/div>\n\t\t\t\t<\/div>\n\t\t\t\t\t<\/div>\n\t\t<\/div>\n\t\t\t\t<div class=\"elementor-column elementor-col-33 elementor-top-column elementor-element elementor-element-afbf6b9 elementor-invisible\" data-id=\"afbf6b9\" data-element_type=\"column\" data-settings=\"{&quot;motion_fx_motion_fx_mouse&quot;:&quot;yes&quot;,&quot;animation&quot;:&quot;slideInUp&quot;}\">\n\t\t\t<div class=\"elementor-widget-wrap elementor-element-populated\">\n\t\t\t\t\t\t<div class=\"elementor-element elementor-element-2dd392c elementor-widget-mobile__width-initial elementor-widget elementor-widget-image\" data-id=\"2dd392c\" data-element_type=\"widget\" data-widget_type=\"image.default\">\n\t\t\t\t<div class=\"elementor-widget-container\">\n\t\t\t\t\t\t\t\t\t\t\t\t\t\t\t<img loading=\"lazy\" decoding=\"async\" width=\"768\" height=\"1024\" src=\"https:\/\/angelachica.estaciondiseno.es\/wp-content\/uploads\/2025\/10\/CF503979-5353-4113-B228-F9D691706E74-768x1024.jpeg\" class=\"attachment-large size-large wp-image-54\" alt=\"\" srcset=\"https:\/\/angelachica.estaciondiseno.es\/wp-content\/uploads\/2025\/10\/CF503979-5353-4113-B228-F9D691706E74-768x1024.jpeg 768w, https:\/\/angelachica.estaciondiseno.es\/wp-content\/uploads\/2025\/10\/CF503979-5353-4113-B228-F9D691706E74-225x300.jpeg 225w, https:\/\/angelachica.estaciondiseno.es\/wp-content\/uploads\/2025\/10\/CF503979-5353-4113-B228-F9D691706E74-1152x1536.jpeg 1152w, https:\/\/angelachica.estaciondiseno.es\/wp-content\/uploads\/2025\/10\/CF503979-5353-4113-B228-F9D691706E74-1536x2048.jpeg 1536w, https:\/\/angelachica.estaciondiseno.es\/wp-content\/uploads\/2025\/10\/CF503979-5353-4113-B228-F9D691706E74-scaled.jpeg 1920w\" sizes=\"100vw\" \/>\t\t\t\t\t\t\t\t\t\t\t\t\t\t\t<\/div>\n\t\t\t\t<\/div>\n\t\t\t\t<div class=\"elementor-element elementor-element-838328b elementor-widget-mobile__width-initial elementor-widget elementor-widget-image\" data-id=\"838328b\" data-element_type=\"widget\" data-widget_type=\"image.default\">\n\t\t\t\t<div class=\"elementor-widget-container\">\n\t\t\t\t\t\t\t\t\t\t\t\t\t\t\t<img loading=\"lazy\" decoding=\"async\" width=\"751\" height=\"1024\" src=\"https:\/\/angelachica.estaciondiseno.es\/wp-content\/uploads\/2025\/10\/367F4409-0D87-4643-BE0E-88EF807C1967-751x1024.jpg\" class=\"attachment-large size-large wp-image-53\" alt=\"\" srcset=\"https:\/\/angelachica.estaciondiseno.es\/wp-content\/uploads\/2025\/10\/367F4409-0D87-4643-BE0E-88EF807C1967-751x1024.jpg 751w, https:\/\/angelachica.estaciondiseno.es\/wp-content\/uploads\/2025\/10\/367F4409-0D87-4643-BE0E-88EF807C1967-220x300.jpg 220w, https:\/\/angelachica.estaciondiseno.es\/wp-content\/uploads\/2025\/10\/367F4409-0D87-4643-BE0E-88EF807C1967-768x1047.jpg 768w, https:\/\/angelachica.estaciondiseno.es\/wp-content\/uploads\/2025\/10\/367F4409-0D87-4643-BE0E-88EF807C1967-1127x1536.jpg 1127w, https:\/\/angelachica.estaciondiseno.es\/wp-content\/uploads\/2025\/10\/367F4409-0D87-4643-BE0E-88EF807C1967-1502x2048.jpg 1502w, https:\/\/angelachica.estaciondiseno.es\/wp-content\/uploads\/2025\/10\/367F4409-0D87-4643-BE0E-88EF807C1967-scaled.jpg 1878w\" sizes=\"100vw\" \/>\t\t\t\t\t\t\t\t\t\t\t\t\t\t\t<\/div>\n\t\t\t\t<\/div>\n\t\t\t\t\t<\/div>\n\t\t<\/div>\n\t\t\t\t\t<\/div>\n\t\t<\/section>\n\t\t\t\t<section class=\"elementor-section elementor-top-section elementor-element elementor-element-d48c5f7 elementor-section-boxed elementor-section-height-default elementor-section-height-default\" data-id=\"d48c5f7\" data-element_type=\"section\">\n\t\t\t\t\t\t<div class=\"elementor-container elementor-column-gap-default\">\n\t\t\t\t\t<div class=\"elementor-column elementor-col-50 elementor-top-column elementor-element elementor-element-8bad596 elementor-invisible\" data-id=\"8bad596\" data-element_type=\"column\" data-settings=\"{&quot;motion_fx_motion_fx_mouse&quot;:&quot;yes&quot;,&quot;animation&quot;:&quot;slideInDown&quot;}\">\n\t\t\t<div class=\"elementor-widget-wrap elementor-element-populated\">\n\t\t\t\t\t\t<div class=\"elementor-element elementor-element-8b8e228 elementor-widget-mobile__width-initial elementor-widget elementor-widget-image\" data-id=\"8b8e228\" data-element_type=\"widget\" data-widget_type=\"image.default\">\n\t\t\t\t<div class=\"elementor-widget-container\">\n\t\t\t\t\t\t\t\t\t\t\t\t\t\t\t<img loading=\"lazy\" decoding=\"async\" width=\"768\" height=\"1024\" src=\"https:\/\/angelachica.estaciondiseno.es\/wp-content\/uploads\/2025\/10\/IMG_5451-768x1024.jpeg\" class=\"attachment-large size-large wp-image-57\" alt=\"\" srcset=\"https:\/\/angelachica.estaciondiseno.es\/wp-content\/uploads\/2025\/10\/IMG_5451-768x1024.jpeg 768w, https:\/\/angelachica.estaciondiseno.es\/wp-content\/uploads\/2025\/10\/IMG_5451-225x300.jpeg 225w, https:\/\/angelachica.estaciondiseno.es\/wp-content\/uploads\/2025\/10\/IMG_5451-1152x1536.jpeg 1152w, https:\/\/angelachica.estaciondiseno.es\/wp-content\/uploads\/2025\/10\/IMG_5451-1536x2048.jpeg 1536w, https:\/\/angelachica.estaciondiseno.es\/wp-content\/uploads\/2025\/10\/IMG_5451-scaled.jpeg 1920w\" sizes=\"100vw\" \/>\t\t\t\t\t\t\t\t\t\t\t\t\t\t\t<\/div>\n\t\t\t\t<\/div>\n\t\t\t\t<div class=\"elementor-element elementor-element-e394f64 elementor-widget-mobile__width-initial elementor-widget elementor-widget-image\" data-id=\"e394f64\" data-element_type=\"widget\" data-widget_type=\"image.default\">\n\t\t\t\t<div class=\"elementor-widget-container\">\n\t\t\t\t\t\t\t\t\t\t\t\t\t\t\t<img loading=\"lazy\" decoding=\"async\" width=\"768\" height=\"1024\" src=\"https:\/\/angelachica.estaciondiseno.es\/wp-content\/uploads\/2025\/10\/IMG_5363-768x1024.jpeg\" class=\"attachment-large size-large wp-image-56\" alt=\"\" srcset=\"https:\/\/angelachica.estaciondiseno.es\/wp-content\/uploads\/2025\/10\/IMG_5363-768x1024.jpeg 768w, https:\/\/angelachica.estaciondiseno.es\/wp-content\/uploads\/2025\/10\/IMG_5363-225x300.jpeg 225w, https:\/\/angelachica.estaciondiseno.es\/wp-content\/uploads\/2025\/10\/IMG_5363-1152x1536.jpeg 1152w, https:\/\/angelachica.estaciondiseno.es\/wp-content\/uploads\/2025\/10\/IMG_5363-1536x2048.jpeg 1536w, https:\/\/angelachica.estaciondiseno.es\/wp-content\/uploads\/2025\/10\/IMG_5363-scaled.jpeg 1920w\" sizes=\"100vw\" \/>\t\t\t\t\t\t\t\t\t\t\t\t\t\t\t<\/div>\n\t\t\t\t<\/div>\n\t\t\t\t\t<\/div>\n\t\t<\/div>\n\t\t\t\t<div class=\"elementor-column elementor-col-50 elementor-top-column elementor-element elementor-element-b030aac elementor-invisible\" data-id=\"b030aac\" data-element_type=\"column\" data-settings=\"{&quot;motion_fx_motion_fx_mouse&quot;:&quot;yes&quot;,&quot;animation&quot;:&quot;slideInDown&quot;}\">\n\t\t\t<div class=\"elementor-widget-wrap elementor-element-populated\">\n\t\t\t\t\t\t<div class=\"elementor-element elementor-element-6ab75bf elementor-widget-mobile__width-initial elementor-widget elementor-widget-image\" data-id=\"6ab75bf\" data-element_type=\"widget\" data-widget_type=\"image.default\">\n\t\t\t\t<div class=\"elementor-widget-container\">\n\t\t\t\t\t\t\t\t\t\t\t\t\t\t\t<img loading=\"lazy\" decoding=\"async\" width=\"768\" height=\"1024\" src=\"https:\/\/angelachica.estaciondiseno.es\/wp-content\/uploads\/2025\/10\/IMG_5466-768x1024.jpeg\" class=\"attachment-large size-large wp-image-58\" alt=\"\" srcset=\"https:\/\/angelachica.estaciondiseno.es\/wp-content\/uploads\/2025\/10\/IMG_5466-768x1024.jpeg 768w, https:\/\/angelachica.estaciondiseno.es\/wp-content\/uploads\/2025\/10\/IMG_5466-225x300.jpeg 225w, https:\/\/angelachica.estaciondiseno.es\/wp-content\/uploads\/2025\/10\/IMG_5466-1152x1536.jpeg 1152w, https:\/\/angelachica.estaciondiseno.es\/wp-content\/uploads\/2025\/10\/IMG_5466-1536x2048.jpeg 1536w, https:\/\/angelachica.estaciondiseno.es\/wp-content\/uploads\/2025\/10\/IMG_5466-scaled.jpeg 1920w\" sizes=\"100vw\" \/>\t\t\t\t\t\t\t\t\t\t\t\t\t\t\t<\/div>\n\t\t\t\t<\/div>\n\t\t\t\t\t<\/div>\n\t\t<\/div>\n\t\t\t\t\t<\/div>\n\t\t<\/section>\n\t\t\t\t<\/div>\n\t\t","protected":false},"excerpt":{"rendered":"<p>\u00abLADIES WITH AN ATTITUDE\u00bb Ladies with an attitude se realiza en el a\u00f1o 2024 con inspiraci\u00f3n en la cantante Madonna. Estos outfits toman de referencia la parte elegante de la cantante y cogen como inspiraci\u00f3n los videoclips que se han realizado en plazas de toros de Espa\u00f1a, vi\u00e9ndose reflejado en detalles como hombreras de encaje, &hellip; <\/p>\n<p class=\"link-more\"><a href=\"https:\/\/angelachica.estaciondiseno.es\/?page_id=49\" class=\"more-link\">Leer m\u00e1s<span class=\"screen-reader-text\"> \u00abColecci\u00f3n \u00abLadies with an attitude\u00bb\u00bb<\/span><\/a><\/p>\n","protected":false},"author":1,"featured_media":0,"parent":0,"menu_order":0,"comment_status":"closed","ping_status":"closed","template":"","meta":{"footnotes":""},"class_list":["post-49","page","type-page","status-publish","hentry"],"_links":{"self":[{"href":"https:\/\/angelachica.estaciondiseno.es\/index.php?rest_route=\/wp\/v2\/pages\/49","targetHints":{"allow":["GET"]}}],"collection":[{"href":"https:\/\/angelachica.estaciondiseno.es\/index.php?rest_route=\/wp\/v2\/pages"}],"about":[{"href":"https:\/\/angelachica.estaciondiseno.es\/index.php?rest_route=\/wp\/v2\/types\/page"}],"author":[{"embeddable":true,"href":"https:\/\/angelachica.estaciondiseno.es\/index.php?rest_route=\/wp\/v2\/users\/1"}],"replies":[{"embeddable":true,"href":"https:\/\/angelachica.estaciondiseno.es\/index.php?rest_route=%2Fwp%2Fv2%2Fcomments&post=49"}],"version-history":[{"count":44,"href":"https:\/\/angelachica.estaciondiseno.es\/index.php?rest_route=\/wp\/v2\/pages\/49\/revisions"}],"predecessor-version":[{"id":555,"href":"https:\/\/angelachica.estaciondiseno.es\/index.php?rest_route=\/wp\/v2\/pages\/49\/revisions\/555"}],"wp:attachment":[{"href":"https:\/\/angelachica.estaciondiseno.es\/index.php?rest_route=%2Fwp%2Fv2%2Fmedia&parent=49"}],"curies":[{"name":"wp","href":"https:\/\/api.w.org\/{rel}","templated":true}]}}