{"id":365,"date":"2026-01-02T20:07:25","date_gmt":"2026-01-02T20:07:25","guid":{"rendered":"https:\/\/angelachica.estaciondiseno.es\/?page_id=365"},"modified":"2026-01-22T10:50:14","modified_gmt":"2026-01-22T10:50:14","slug":"panuelo-asuncion","status":"publish","type":"page","link":"https:\/\/angelachica.estaciondiseno.es\/?page_id=365","title":{"rendered":"PA\u00d1UELO ASUNCI\u00d3N"},"content":{"rendered":"\t\t<div data-elementor-type=\"wp-page\" data-elementor-id=\"365\" class=\"elementor elementor-365\" data-elementor-post-type=\"page\">\n\t\t\t\t\t\t<section class=\"elementor-section elementor-top-section elementor-element elementor-element-0ff2323 elementor-section-boxed elementor-section-height-default elementor-section-height-default\" data-id=\"0ff2323\" data-element_type=\"section\">\n\t\t\t\t\t\t<div class=\"elementor-container elementor-column-gap-default\">\n\t\t\t\t\t<div class=\"elementor-column elementor-col-100 elementor-top-column elementor-element elementor-element-04c2339\" data-id=\"04c2339\" data-element_type=\"column\">\n\t\t\t<div class=\"elementor-widget-wrap elementor-element-populated\">\n\t\t\t\t\t\t<div class=\"elementor-element elementor-element-9b06617 elementor-widget elementor-widget-heading\" data-id=\"9b06617\" data-element_type=\"widget\" data-widget_type=\"heading.default\">\n\t\t\t\t<div class=\"elementor-widget-container\">\n\t\t\t\t\t<h2 class=\"elementor-heading-title elementor-size-default\">PA\u00d1UELO ASUNCI\u00d3N<\/h2>\t\t\t\t<\/div>\n\t\t\t\t<\/div>\n\t\t\t\t\t<\/div>\n\t\t<\/div>\n\t\t\t\t\t<\/div>\n\t\t<\/section>\n\t\t\t\t<section class=\"elementor-section elementor-top-section elementor-element elementor-element-2d474f9 elementor-section-boxed elementor-section-height-default elementor-section-height-default\" data-id=\"2d474f9\" data-element_type=\"section\">\n\t\t\t\t\t\t<div class=\"elementor-container elementor-column-gap-default\">\n\t\t\t\t\t<div class=\"elementor-column elementor-col-100 elementor-top-column elementor-element elementor-element-ff3e753\" data-id=\"ff3e753\" data-element_type=\"column\">\n\t\t\t<div class=\"elementor-widget-wrap elementor-element-populated\">\n\t\t\t\t\t\t<div class=\"elementor-element elementor-element-5214e6f elementor-widget elementor-widget-image\" data-id=\"5214e6f\" data-element_type=\"widget\" data-widget_type=\"image.default\">\n\t\t\t\t<div class=\"elementor-widget-container\">\n\t\t\t\t\t\t\t\t\t\t\t\t\t\t\t<img fetchpriority=\"high\" decoding=\"async\" width=\"950\" height=\"634\" src=\"https:\/\/angelachica.estaciondiseno.es\/wp-content\/uploads\/2025\/12\/Gemini_Generated_Image_no4k03no4k03no4k-1024x683.jpg\" class=\"attachment-large size-large wp-image-347\" alt=\"\" srcset=\"https:\/\/angelachica.estaciondiseno.es\/wp-content\/uploads\/2025\/12\/Gemini_Generated_Image_no4k03no4k03no4k-1024x683.jpg 1024w, https:\/\/angelachica.estaciondiseno.es\/wp-content\/uploads\/2025\/12\/Gemini_Generated_Image_no4k03no4k03no4k-300x200.jpg 300w, https:\/\/angelachica.estaciondiseno.es\/wp-content\/uploads\/2025\/12\/Gemini_Generated_Image_no4k03no4k03no4k.jpg 1248w\" sizes=\"100vw\" \/>\t\t\t\t\t\t\t\t\t\t\t\t\t\t\t<\/div>\n\t\t\t\t<\/div>\n\t\t\t\t\t<\/div>\n\t\t<\/div>\n\t\t\t\t\t<\/div>\n\t\t<\/section>\n\t\t\t\t<section class=\"elementor-section elementor-top-section elementor-element elementor-element-9eeba1c elementor-section-boxed elementor-section-height-default elementor-section-height-default\" data-id=\"9eeba1c\" data-element_type=\"section\">\n\t\t\t\t\t\t<div class=\"elementor-container elementor-column-gap-default\">\n\t\t\t\t\t<div class=\"elementor-column elementor-col-100 elementor-top-column elementor-element elementor-element-1ebdcdb\" data-id=\"1ebdcdb\" data-element_type=\"column\">\n\t\t\t<div class=\"elementor-widget-wrap elementor-element-populated\">\n\t\t\t\t\t\t<div class=\"elementor-element elementor-element-e3a418c elementor-widget elementor-widget-text-editor\" data-id=\"e3a418c\" data-element_type=\"widget\" data-widget_type=\"text-editor.default\">\n\t\t\t\t<div class=\"elementor-widget-container\">\n\t\t\t\t\t\t\t\t\t<p>Este pa\u00f1uelo ha sido dise\u00f1ado como una pieza gr\u00e1fica y conceptual, con un estampado inspirado en Ja\u00e9n y en su identidad cultural y paisaj\u00edstica. El dise\u00f1o parte de una investigaci\u00f3n previa del territorio, reinterpretando elementos caracter\u00edsticos de la provincia\u00a0 como la catedral de la Asunci\u00f3n, el entorno natural y las formas org\u00e1nicas del paisaje.<\/p><p>El estampado ha sido creado de manera original, cuidando la composici\u00f3n, el equilibrio crom\u00e1tico y la repetici\u00f3n del motivo, con el objetivo de transmitir elegancia y arraigo a trav\u00e9s de un accesorio vers\u00e1til.\u00a0<\/p>\t\t\t\t\t\t\t\t<\/div>\n\t\t\t\t<\/div>\n\t\t\t\t\t<\/div>\n\t\t<\/div>\n\t\t\t\t\t<\/div>\n\t\t<\/section>\n\t\t\t\t<section class=\"elementor-section elementor-top-section elementor-element elementor-element-edc4f89 elementor-section-boxed elementor-section-height-default elementor-section-height-default\" data-id=\"edc4f89\" data-element_type=\"section\">\n\t\t\t\t\t\t<div class=\"elementor-container elementor-column-gap-default\">\n\t\t\t\t\t<div class=\"elementor-column elementor-col-100 elementor-top-column elementor-element elementor-element-8430db7\" data-id=\"8430db7\" data-element_type=\"column\">\n\t\t\t<div class=\"elementor-widget-wrap elementor-element-populated\">\n\t\t\t\t\t\t<div class=\"elementor-element elementor-element-29adee7 elementor-widget elementor-widget-image\" data-id=\"29adee7\" data-element_type=\"widget\" data-widget_type=\"image.default\">\n\t\t\t\t<div class=\"elementor-widget-container\">\n\t\t\t\t\t\t\t\t\t\t\t\t\t\t\t<img decoding=\"async\" width=\"950\" height=\"656\" src=\"https:\/\/angelachica.estaciondiseno.es\/wp-content\/uploads\/2026\/01\/FREE-Silk-Scarf-Mockup-Studio-Series-DEMO_By-Mocku-1024x707.png\" class=\"attachment-large size-large wp-image-391\" alt=\"\" srcset=\"https:\/\/angelachica.estaciondiseno.es\/wp-content\/uploads\/2026\/01\/FREE-Silk-Scarf-Mockup-Studio-Series-DEMO_By-Mocku-1024x707.png 1024w, https:\/\/angelachica.estaciondiseno.es\/wp-content\/uploads\/2026\/01\/FREE-Silk-Scarf-Mockup-Studio-Series-DEMO_By-Mocku-300x207.png 300w, https:\/\/angelachica.estaciondiseno.es\/wp-content\/uploads\/2026\/01\/FREE-Silk-Scarf-Mockup-Studio-Series-DEMO_By-Mocku-2000x1381.png 2000w, https:\/\/angelachica.estaciondiseno.es\/wp-content\/uploads\/2026\/01\/FREE-Silk-Scarf-Mockup-Studio-Series-DEMO_By-Mocku-scaled-1536x1061.png 1536w, https:\/\/angelachica.estaciondiseno.es\/wp-content\/uploads\/2026\/01\/FREE-Silk-Scarf-Mockup-Studio-Series-DEMO_By-Mocku-scaled-2048x1414.png 2048w\" sizes=\"100vw\" \/>\t\t\t\t\t\t\t\t\t\t\t\t\t\t\t<\/div>\n\t\t\t\t<\/div>\n\t\t\t\t\t<\/div>\n\t\t<\/div>\n\t\t\t\t\t<\/div>\n\t\t<\/section>\n\t\t\t\t<\/div>\n\t\t","protected":false},"excerpt":{"rendered":"<p>PA\u00d1UELO ASUNCI\u00d3N Este pa\u00f1uelo ha sido dise\u00f1ado como una pieza gr\u00e1fica y conceptual, con un estampado inspirado en Ja\u00e9n y en su identidad cultural y paisaj\u00edstica. El dise\u00f1o parte de una investigaci\u00f3n previa del territorio, reinterpretando elementos caracter\u00edsticos de la provincia\u00a0 como la catedral de la Asunci\u00f3n, el entorno natural y las formas org\u00e1nicas del &hellip; <\/p>\n<p class=\"link-more\"><a href=\"https:\/\/angelachica.estaciondiseno.es\/?page_id=365\" class=\"more-link\">Leer m\u00e1s<span class=\"screen-reader-text\"> \u00abPA\u00d1UELO ASUNCI\u00d3N\u00bb<\/span><\/a><\/p>\n","protected":false},"author":1,"featured_media":0,"parent":0,"menu_order":0,"comment_status":"closed","ping_status":"closed","template":"","meta":{"footnotes":""},"class_list":["post-365","page","type-page","status-publish","hentry"],"_links":{"self":[{"href":"https:\/\/angelachica.estaciondiseno.es\/index.php?rest_route=\/wp\/v2\/pages\/365","targetHints":{"allow":["GET"]}}],"collection":[{"href":"https:\/\/angelachica.estaciondiseno.es\/index.php?rest_route=\/wp\/v2\/pages"}],"about":[{"href":"https:\/\/angelachica.estaciondiseno.es\/index.php?rest_route=\/wp\/v2\/types\/page"}],"author":[{"embeddable":true,"href":"https:\/\/angelachica.estaciondiseno.es\/index.php?rest_route=\/wp\/v2\/users\/1"}],"replies":[{"embeddable":true,"href":"https:\/\/angelachica.estaciondiseno.es\/index.php?rest_route=%2Fwp%2Fv2%2Fcomments&post=365"}],"version-history":[{"count":18,"href":"https:\/\/angelachica.estaciondiseno.es\/index.php?rest_route=\/wp\/v2\/pages\/365\/revisions"}],"predecessor-version":[{"id":561,"href":"https:\/\/angelachica.estaciondiseno.es\/index.php?rest_route=\/wp\/v2\/pages\/365\/revisions\/561"}],"wp:attachment":[{"href":"https:\/\/angelachica.estaciondiseno.es\/index.php?rest_route=%2Fwp%2Fv2%2Fmedia&parent=365"}],"curies":[{"name":"wp","href":"https:\/\/api.w.org\/{rel}","templated":true}]}}